{"id":12,"date":"2023-04-14T15:24:41","date_gmt":"2023-04-14T15:24:41","guid":{"rendered":"https:\/\/soteharju.fi\/?page_id=12"},"modified":"2023-04-14T16:05:43","modified_gmt":"2023-04-14T16:05:43","slug":"perhekoti-koivula","status":"publish","type":"page","link":"https:\/\/soteharju.fi\/index.php\/perhekoti-koivula\/","title":{"rendered":"Perhekoti Koivula"},"content":{"rendered":"<p><img loading=\"lazy\" decoding=\"async\" class=\"alignnone wp-image-31\" src=\"https:\/\/soteharju.fi\/wp-content\/uploads\/2023\/04\/20221002_142946-300x225.jpg\" alt=\"\" width=\"587\" height=\"440\" srcset=\"https:\/\/soteharju.fi\/wp-content\/uploads\/2023\/04\/20221002_142946-300x225.jpg 300w, https:\/\/soteharju.fi\/wp-content\/uploads\/2023\/04\/20221002_142946-1024x768.jpg 1024w, https:\/\/soteharju.fi\/wp-content\/uploads\/2023\/04\/20221002_142946-768x576.jpg 768w, https:\/\/soteharju.fi\/wp-content\/uploads\/2023\/04\/20221002_142946-1536x1152.jpg 1536w, https:\/\/soteharju.fi\/wp-content\/uploads\/2023\/04\/20221002_142946-2048x1536.jpg 2048w\" sizes=\"auto, (max-width: 587px) 100vw, 587px\" \/><\/p>\n<p>Ammatillinen perhekoti Koivula tarjoaa turvallisen ja virikkeellisen kasvuymp\u00e4rist\u00f6n huostaanotetuille ja avohuollon tukitoimena sijoitetuille lapsille ja nuorille.<\/p>\n<p>Pyrimme luomaan lapsille ja nuorille toiminnallisen arjen, jolla vahvistetaan lapsen osallisuutta, my\u00f6nteist\u00e4 min\u00e4kuvaa, yhteenkuuluvuuden tunnetta sek\u00e4 onnistumisen kokemuksia.<\/p>\n<p>Selke\u00e4 arjen struktuuri ja rajat luovat ymp\u00e4rist\u00f6n, jossa on turvallista kasvaa ja kehitty\u00e4.<\/p>\n<p>Koivulan eritysosaamista on erilaisista kulttuuritaustoista, kuten romanikulttuurista tulevien asiakkaiden ja heid\u00e4n verkostojensa kohtaaminen.<\/p>\n<p>&nbsp;<\/p>\n<p>Lis\u00e4tietoja ja paikkakyselyt<\/p>\n<p>p. 0504307094<\/p>\n<p>info@soteharju.fi<\/p>\n","protected":false},"excerpt":{"rendered":"<p>Ammatillinen perhekoti Koivula tarjoaa turvallisen ja virikkeellisen kasvuymp\u00e4rist\u00f6n huostaanotetuille ja avohuollon tukitoimena sijoitetuille lapsille ja nuorille. Pyrimme luomaan lapsille ja nuorille toiminnallisen arjen, jolla vahvistetaan lapsen osallisuutta, my\u00f6nteist\u00e4 min\u00e4kuvaa, yhteenkuuluvuuden tunnetta sek\u00e4 onnistumisen kokemuksia. Selke\u00e4 arjen struktuuri ja rajat luovat ymp\u00e4rist\u00f6n, jossa on turvallista kasvaa ja kehitty\u00e4. Koivulan eritysosaamista on erilaisista kulttuuritaustoista, kuten romanikulttuurista tulevien &hellip; <\/p>\n<p class=\"link-more\"><a href=\"https:\/\/soteharju.fi\/index.php\/perhekoti-koivula\/\" class=\"more-link\">Jatka lukemista<span class=\"screen-reader-text\"> &#8221;Perhekoti Koivula&#8221;<\/span><\/a><\/p>\n","protected":false},"author":1,"featured_media":0,"parent":0,"menu_order":0,"comment_status":"closed","ping_status":"closed","template":"","meta":{"footnotes":""},"class_list":["post-12","page","type-page","status-publish","hentry"],"_links":{"self":[{"href":"https:\/\/soteharju.fi\/index.php\/wp-json\/wp\/v2\/pages\/12","targetHints":{"allow":["GET"]}}],"collection":[{"href":"https:\/\/soteharju.fi\/index.php\/wp-json\/wp\/v2\/pages"}],"about":[{"href":"https:\/\/soteharju.fi\/index.php\/wp-json\/wp\/v2\/types\/page"}],"author":[{"embeddable":true,"href":"https:\/\/soteharju.fi\/index.php\/wp-json\/wp\/v2\/users\/1"}],"replies":[{"embeddable":true,"href":"https:\/\/soteharju.fi\/index.php\/wp-json\/wp\/v2\/comments?post=12"}],"version-history":[{"count":4,"href":"https:\/\/soteharju.fi\/index.php\/wp-json\/wp\/v2\/pages\/12\/revisions"}],"predecessor-version":[{"id":53,"href":"https:\/\/soteharju.fi\/index.php\/wp-json\/wp\/v2\/pages\/12\/revisions\/53"}],"wp:attachment":[{"href":"https:\/\/soteharju.fi\/index.php\/wp-json\/wp\/v2\/media?parent=12"}],"curies":[{"name":"wp","href":"https:\/\/api.w.org\/{rel}","templated":true}]}}